{"id":909,"date":"2026-04-08T10:13:15","date_gmt":"2026-04-08T08:13:15","guid":{"rendered":"https:\/\/www.kooki.org\/?page_id=909"},"modified":"2026-04-10T23:02:40","modified_gmt":"2026-04-10T21:02:40","slug":"accueil","status":"publish","type":"page","link":"https:\/\/www.kooki.org\/en\/","title":{"rendered":"Make the invisible visible..."},"content":{"rendered":"<div class=\"wp-block-cover alignfull has-parallax wp-duotone-unset-1\"><div class=\"wp-block-cover__image-background wp-image-935 has-parallax\" style=\"background-position:50% 50%;background-image:url(https:\/\/www.kooki.org\/wp-content\/uploads\/2024\/10\/carreaux-2.jpg)\"><\/div><span aria-hidden=\"true\" class=\"wp-block-cover__background has-background-dim\"><\/span><div class=\"wp-block-cover__inner-container is-layout-flow wp-block-cover-is-layout-flow\">\n<p class=\"has-text-align-center has-large-font-size\"><\/p>\n<\/div><\/div>\n\n\n\n<div class=\"wp-block-columns alignwide is-layout-flex wp-container-core-columns-is-layout-28f84493 wp-block-columns-is-layout-flex\">\n<div class=\"wp-block-column is-layout-flow wp-block-column-is-layout-flow\" style=\"flex-basis:50%\">\n<p><\/p>\n\n\n\n<h3 class=\"wp-block-heading has-text-align-center\">Each of these tiles is a panel of a comic strip.<\/h3>\n<\/div>\n\n\n\n<div class=\"wp-block-column is-layout-flow wp-block-column-is-layout-flow\" style=\"flex-basis:50%\">\n<p class=\"has-text-align-left\">It's a panel that could be in one of my comic books. But it's a panel that has come out of them to end up on a city street, on a village wall, and even on a tree in a forest. It's therefore a panel that isn't in my comic books but is an extension of the stories from my books...<\/p>\n<\/div>\n<\/div>\n\n\n\n<figure class=\"wp-block-gallery alignfull has-nested-images columns-default is-cropped wp-block-gallery-2 is-layout-flex wp-block-gallery-is-layout-flex\">\n<figure class=\"wp-block-image size-full\"><a href=\"https:\/\/umap.openstreetmap.fr\/fr\/map\/les-jolis-carrelages_1104461#3\/4.600654\/23.203125\"><img loading=\"lazy\" decoding=\"async\" width=\"2358\" height=\"1160\" data-id=\"1090\" src=\"https:\/\/www.kooki.org\/wp-content\/uploads\/2026\/01\/carte.png\" alt=\"\" class=\"wp-image-1090\" srcset=\"https:\/\/www.kooki.org\/wp-content\/uploads\/2026\/01\/carte.png 2358w, https:\/\/www.kooki.org\/wp-content\/uploads\/2026\/01\/carte-300x148.png 300w, https:\/\/www.kooki.org\/wp-content\/uploads\/2026\/01\/carte-1024x504.png 1024w, https:\/\/www.kooki.org\/wp-content\/uploads\/2026\/01\/carte-768x378.png 768w, https:\/\/www.kooki.org\/wp-content\/uploads\/2026\/01\/carte-1536x756.png 1536w, https:\/\/www.kooki.org\/wp-content\/uploads\/2026\/01\/carte-2048x1007.png 2048w\" sizes=\"auto, (max-width: 2358px) 100vw, 2358px\" \/><\/a><\/figure>\n<\/figure>\n\n\n\n<div class=\"wp-block-media-text alignfull is-stacked-on-mobile\" style=\"grid-template-columns:60% auto\"><figure class=\"wp-block-media-text__media\"><img loading=\"lazy\" decoding=\"async\" width=\"1024\" height=\"557\" src=\"https:\/\/www.kooki.org\/wp-content\/uploads\/2024\/10\/carreaux1-1024x557.jpg\" alt=\"\" class=\"wp-image-946 size-full\" srcset=\"https:\/\/www.kooki.org\/wp-content\/uploads\/2024\/10\/carreaux1-1024x557.jpg 1024w, https:\/\/www.kooki.org\/wp-content\/uploads\/2024\/10\/carreaux1-300x163.jpg 300w, https:\/\/www.kooki.org\/wp-content\/uploads\/2024\/10\/carreaux1-768x418.jpg 768w, https:\/\/www.kooki.org\/wp-content\/uploads\/2024\/10\/carreaux1-1536x836.jpg 1536w, https:\/\/www.kooki.org\/wp-content\/uploads\/2024\/10\/carreaux1.jpg 1837w\" sizes=\"auto, (max-width: 1024px) 100vw, 1024px\" \/><\/figure><div class=\"wp-block-media-text__content\">\n<p>Each of these tiles is a link between the universe of my comic books and the world in which the tile is placed.<\/p>\n\n\n\n<p>Or my comic books document the world, they tell its story, or rather they tell the story of places and people who are rarely seen.<\/p>\n\n\n\n<p>Also, each of these tiles aims to restore visibility to these people and places by highlighting them differently in other locations and under the gaze of (many) other people.<\/p>\n\n\n\n<div class=\"wp-block-buttons is-layout-flex wp-block-buttons-is-layout-flex\">\n<div class=\"wp-block-button\"><a class=\"wp-block-button__link wp-element-button\" href=\"https:\/\/umap.openstreetmap.fr\/fr\/map\/les-jolis-carrelages_1104461#3\/4.600654\/23.203125\">See the map<\/a><\/div>\n\n\n\n<div class=\"wp-block-button\"><a class=\"wp-block-button__link wp-element-button\" href=\"https:\/\/www.kooki.org\/en\/ils-sont-partout\/\">Discover some tiles<\/a><\/div>\n\n\n\n<div class=\"wp-block-button\"><a class=\"wp-block-button__link wp-element-button\" href=\"https:\/\/marinieres.org\">Read my comics<\/a><\/div>\n<\/div>\n<\/div><\/div>\n\n\n\n<p><\/p>","protected":false},"excerpt":{"rendered":"<p>Chacun de ces carreaux est une case d\u2019une bande dessin\u00e9e. C&rsquo;est une case qui pourrait \u00eatre dans une de mes bandes dessin\u00e9es. Mais c&rsquo;est une case qui en est sortie pour se retrouver dans la rue d\u2019une ville, sur le mur d\u2019un village et m\u00eame sur un arbre dans une for\u00eat. C&rsquo;est donc une case [&hellip;]<\/p>\n","protected":false},"author":1,"featured_media":0,"parent":0,"menu_order":0,"comment_status":"closed","ping_status":"closed","template":"","meta":{"footnotes":""},"class_list":["post-909","page","type-page","status-publish","hentry"],"_links":{"self":[{"href":"https:\/\/www.kooki.org\/en\/wp-json\/wp\/v2\/pages\/909","targetHints":{"allow":["GET"]}}],"collection":[{"href":"https:\/\/www.kooki.org\/en\/wp-json\/wp\/v2\/pages"}],"about":[{"href":"https:\/\/www.kooki.org\/en\/wp-json\/wp\/v2\/types\/page"}],"author":[{"embeddable":true,"href":"https:\/\/www.kooki.org\/en\/wp-json\/wp\/v2\/users\/1"}],"replies":[{"embeddable":true,"href":"https:\/\/www.kooki.org\/en\/wp-json\/wp\/v2\/comments?post=909"}],"version-history":[{"count":34,"href":"https:\/\/www.kooki.org\/en\/wp-json\/wp\/v2\/pages\/909\/revisions"}],"predecessor-version":[{"id":1149,"href":"https:\/\/www.kooki.org\/en\/wp-json\/wp\/v2\/pages\/909\/revisions\/1149"}],"wp:attachment":[{"href":"https:\/\/www.kooki.org\/en\/wp-json\/wp\/v2\/media?parent=909"}],"curies":[{"name":"wp","href":"https:\/\/api.w.org\/{rel}","templated":true}]}}