{"id":1129,"date":"2026-03-30T19:51:58","date_gmt":"2026-03-30T17:51:58","guid":{"rendered":"https:\/\/www.kooki.org\/?page_id=1129"},"modified":"2026-03-30T19:59:40","modified_gmt":"2026-03-30T17:59:40","slug":"manifeste-du-carrelage","status":"publish","type":"page","link":"https:\/\/www.kooki.org\/en\/manifeste-du-carrelage\/","title":{"rendered":"Tile Manifesto"},"content":{"rendered":"<p>If I produce each tile, it happens that I delegate to others the responsibility of sticking them... I have therefore designed this manual, or rather this manifesto, to help them in this difficult task. If this great adventure interests you, just <a href=\"https:\/\/www.zarbo.info\/informations\/\">contact me<\/a>...<\/p>\n\n\n\n<figure class=\"wp-block-image size-full\"><img loading=\"lazy\" decoding=\"async\" width=\"1240\" height=\"1754\" src=\"https:\/\/www.kooki.org\/wp-content\/uploads\/2026\/04\/manifeste-en.jpg\" alt=\"\" class=\"wp-image-1130\" srcset=\"https:\/\/www.kooki.org\/wp-content\/uploads\/2026\/04\/manifeste-en.jpg 1240w, https:\/\/www.kooki.org\/wp-content\/uploads\/2026\/04\/manifeste-en-212x300.jpg 212w, https:\/\/www.kooki.org\/wp-content\/uploads\/2026\/04\/manifeste-en-724x1024.jpg 724w, https:\/\/www.kooki.org\/wp-content\/uploads\/2026\/04\/manifeste-en-768x1086.jpg 768w, https:\/\/www.kooki.org\/wp-content\/uploads\/2026\/04\/manifeste-en-1086x1536.jpg 1086w, https:\/\/www.kooki.org\/wp-content\/uploads\/2026\/04\/manifeste-en-8x12.jpg 8w\" sizes=\"auto, (max-width: 1240px) 100vw, 1240px\" \/><\/figure>","protected":false},"excerpt":{"rendered":"<p>Si je produis chaque carreau, il arrive que je d\u00e9l\u00e8gue \u00e0 d&rsquo;autres la responsabilit\u00e9 d&rsquo;en coller &#8230; J&rsquo;ai donc con\u00e7u ce manuel, ou plut\u00f4t ce manifeste, pour les aider dans ce difficile geste. Si cette aventure vous int\u00e9resse, merci de me contacter&#8230;<\/p>","protected":false},"author":1,"featured_media":0,"parent":0,"menu_order":0,"comment_status":"closed","ping_status":"closed","template":"","meta":{"footnotes":""},"class_list":["post-1129","page","type-page","status-publish","hentry"],"_links":{"self":[{"href":"https:\/\/www.kooki.org\/en\/wp-json\/wp\/v2\/pages\/1129","targetHints":{"allow":["GET"]}}],"collection":[{"href":"https:\/\/www.kooki.org\/en\/wp-json\/wp\/v2\/pages"}],"about":[{"href":"https:\/\/www.kooki.org\/en\/wp-json\/wp\/v2\/types\/page"}],"author":[{"embeddable":true,"href":"https:\/\/www.kooki.org\/en\/wp-json\/wp\/v2\/users\/1"}],"replies":[{"embeddable":true,"href":"https:\/\/www.kooki.org\/en\/wp-json\/wp\/v2\/comments?post=1129"}],"version-history":[{"count":3,"href":"https:\/\/www.kooki.org\/en\/wp-json\/wp\/v2\/pages\/1129\/revisions"}],"predecessor-version":[{"id":1135,"href":"https:\/\/www.kooki.org\/en\/wp-json\/wp\/v2\/pages\/1129\/revisions\/1135"}],"wp:attachment":[{"href":"https:\/\/www.kooki.org\/en\/wp-json\/wp\/v2\/media?parent=1129"}],"curies":[{"name":"wp","href":"https:\/\/api.w.org\/{rel}","templated":true}]}}